{"id":489,"date":"2021-11-30T10:27:05","date_gmt":"2021-11-30T08:27:05","guid":{"rendered":"https:\/\/www.725continental.com\/contacto\/"},"modified":"2022-03-30T09:28:11","modified_gmt":"2022-03-30T07:28:11","slug":"contacto","status":"publish","type":"page","link":"https:\/\/www.725continental.com\/pt-br\/contacto\/","title":{"rendered":"Contato"},"content":{"rendered":"\n<p>O 725 Continental Hotel estabeleceu-se como um dos hot\u00e9is mais elegantes de Buenos Aires. Para fazer uma reserva, tirar d\u00favidas gerais ou receber informa\u00e7\u00f5es sobre nossos pacotes de f\u00e9rias, n\u00e3o hesite em nos contatar. Reservar online \u00e9 a maneira mais f\u00e1cil de reservar um quarto no 725 Continental Hotel. O nosso motor de reservas online \u00e9 r\u00e1pido e seguro. Se n\u00e3o desejar reservar online, por favor contacte directamente o hotel, escrevendo para: Reservas individuais reservas@725continental.com Reservas de grupo ventas@725continental.com Contacte um gerente para tirar d\u00favidas ou enviar opini\u00f5es: sales@725continental.com<\/p>\n","protected":false},"excerpt":{"rendered":"<p>O 725 Continental Hotel estabeleceu-se como um dos hot\u00e9is mais elegantes de Buenos Aires. Para fazer uma reserva, tirar d\u00favidas gerais ou receber informa\u00e7\u00f5es sobre nossos pacotes de f\u00e9rias, n\u00e3o hesite em nos contatar. Reservar online \u00e9 a maneira mais f\u00e1cil de reservar um quarto no 725 Continental Hotel. O nosso motor de reservas online [&hellip;]<\/p>\n","protected":false},"author":1,"featured_media":379,"parent":0,"menu_order":0,"comment_status":"closed","ping_status":"closed","template":"templates\/template-contacto.php","meta":{"footnotes":""},"class_list":["post-489","page","type-page","status-publish","has-post-thumbnail","hentry"],"acf":[],"yoast_head":"<!-- This site is optimized with the Yoast SEO plugin v27.3 - https:\/\/yoast.com\/product\/yoast-seo-wordpress\/ -->\n<title>Contato - 725 Continental Hotel Buenos Aires<\/title>\n<meta name=\"robots\" content=\"index, follow, max-snippet:-1, max-image-preview:large, max-video-preview:-1\" \/>\n<link rel=\"canonical\" href=\"http:\/\/www.725continental.com\/pt-br\/contacto\/\" \/>\n<meta property=\"og:locale\" content=\"pt_BR\" \/>\n<meta property=\"og:type\" content=\"article\" \/>\n<meta property=\"og:title\" content=\"Contato - 725 Continental Hotel Buenos Aires\" \/>\n<meta property=\"og:description\" content=\"O 725 Continental Hotel estabeleceu-se como um dos hot\u00e9is mais elegantes de Buenos Aires. Para fazer uma reserva, tirar d\u00favidas gerais ou receber informa\u00e7\u00f5es sobre nossos pacotes de f\u00e9rias, n\u00e3o hesite em nos contatar. Reservar online \u00e9 a maneira mais f\u00e1cil de reservar um quarto no 725 Continental Hotel. O nosso motor de reservas online [&hellip;]\" \/>\n<meta property=\"og:url\" content=\"http:\/\/www.725continental.com\/pt-br\/contacto\/\" \/>\n<meta property=\"og:site_name\" content=\"725 Continental Hotel Buenos Aires\" \/>\n<meta property=\"article:modified_time\" content=\"2022-03-30T07:28:11+00:00\" \/>\n<meta property=\"og:image\" content=\"http:\/\/www.725continental.com\/wp-content\/uploads\/2022\/02\/bg-contacto-scaled-2.jpg\" \/>\n\t<meta property=\"og:image:width\" content=\"2560\" \/>\n\t<meta property=\"og:image:height\" content=\"1083\" \/>\n\t<meta property=\"og:image:type\" content=\"image\/jpeg\" \/>\n<meta name=\"twitter:card\" content=\"summary_large_image\" \/>\n<meta name=\"twitter:label1\" content=\"Est. tempo de leitura\" \/>\n\t<meta name=\"twitter:data1\" content=\"1 minuto\" \/>\n<script type=\"application\/ld+json\" class=\"yoast-schema-graph\">{\"@context\":\"https:\\\/\\\/schema.org\",\"@graph\":[{\"@type\":\"WebPage\",\"@id\":\"http:\\\/\\\/www.725continental.com\\\/pt-br\\\/contacto\\\/\",\"url\":\"http:\\\/\\\/www.725continental.com\\\/pt-br\\\/contacto\\\/\",\"name\":\"Contato - 725 Continental Hotel Buenos Aires\",\"isPartOf\":{\"@id\":\"https:\\\/\\\/www.725continental.com\\\/#website\"},\"primaryImageOfPage\":{\"@id\":\"http:\\\/\\\/www.725continental.com\\\/pt-br\\\/contacto\\\/#primaryimage\"},\"image\":{\"@id\":\"http:\\\/\\\/www.725continental.com\\\/pt-br\\\/contacto\\\/#primaryimage\"},\"thumbnailUrl\":\"https:\\\/\\\/www.725continental.com\\\/wp-content\\\/uploads\\\/2022\\\/02\\\/bg-contacto-scaled-2.jpg\",\"datePublished\":\"2021-11-30T08:27:05+00:00\",\"dateModified\":\"2022-03-30T07:28:11+00:00\",\"breadcrumb\":{\"@id\":\"http:\\\/\\\/www.725continental.com\\\/pt-br\\\/contacto\\\/#breadcrumb\"},\"inLanguage\":\"pt-BR\",\"potentialAction\":[{\"@type\":\"ReadAction\",\"target\":[\"http:\\\/\\\/www.725continental.com\\\/pt-br\\\/contacto\\\/\"]}]},{\"@type\":\"ImageObject\",\"inLanguage\":\"pt-BR\",\"@id\":\"http:\\\/\\\/www.725continental.com\\\/pt-br\\\/contacto\\\/#primaryimage\",\"url\":\"https:\\\/\\\/www.725continental.com\\\/wp-content\\\/uploads\\\/2022\\\/02\\\/bg-contacto-scaled-2.jpg\",\"contentUrl\":\"https:\\\/\\\/www.725continental.com\\\/wp-content\\\/uploads\\\/2022\\\/02\\\/bg-contacto-scaled-2.jpg\",\"width\":2560,\"height\":1083},{\"@type\":\"BreadcrumbList\",\"@id\":\"http:\\\/\\\/www.725continental.com\\\/pt-br\\\/contacto\\\/#breadcrumb\",\"itemListElement\":[{\"@type\":\"ListItem\",\"position\":1,\"name\":\"Portada\",\"item\":\"http:\\\/\\\/www.725continental.com\\\/pt-br\\\/\"},{\"@type\":\"ListItem\",\"position\":2,\"name\":\"Contato\"}]},{\"@type\":\"WebSite\",\"@id\":\"https:\\\/\\\/www.725continental.com\\\/#website\",\"url\":\"https:\\\/\\\/www.725continental.com\\\/\",\"name\":\"725 Continental Hotel Buenos Aires\",\"description\":\"Hotel 5 estrellas en el centro de Buenos Aires\",\"publisher\":{\"@id\":\"https:\\\/\\\/www.725continental.com\\\/#organization\"},\"potentialAction\":[{\"@type\":\"SearchAction\",\"target\":{\"@type\":\"EntryPoint\",\"urlTemplate\":\"https:\\\/\\\/www.725continental.com\\\/?s={search_term_string}\"},\"query-input\":{\"@type\":\"PropertyValueSpecification\",\"valueRequired\":true,\"valueName\":\"search_term_string\"}}],\"inLanguage\":\"pt-BR\"},{\"@type\":\"Organization\",\"@id\":\"https:\\\/\\\/www.725continental.com\\\/#organization\",\"name\":\"725 Continental Hotel Buenos Aires\",\"url\":\"https:\\\/\\\/www.725continental.com\\\/\",\"logo\":{\"@type\":\"ImageObject\",\"inLanguage\":\"pt-BR\",\"@id\":\"https:\\\/\\\/www.725continental.com\\\/#\\\/schema\\\/logo\\\/image\\\/\",\"url\":\"http:\\\/\\\/www.725continental.com\\\/wp-content\\\/uploads\\\/2022\\\/03\\\/725continental-logo.jpg\",\"contentUrl\":\"http:\\\/\\\/www.725continental.com\\\/wp-content\\\/uploads\\\/2022\\\/03\\\/725continental-logo.jpg\",\"width\":800,\"height\":530,\"caption\":\"725 Continental Hotel Buenos Aires\"},\"image\":{\"@id\":\"https:\\\/\\\/www.725continental.com\\\/#\\\/schema\\\/logo\\\/image\\\/\"}}]}<\/script>\n<!-- \/ Yoast SEO plugin. -->","yoast_head_json":{"title":"Contato - 725 Continental Hotel Buenos Aires","robots":{"index":"index","follow":"follow","max-snippet":"max-snippet:-1","max-image-preview":"max-image-preview:large","max-video-preview":"max-video-preview:-1"},"canonical":"http:\/\/www.725continental.com\/pt-br\/contacto\/","og_locale":"pt_BR","og_type":"article","og_title":"Contato - 725 Continental Hotel Buenos Aires","og_description":"O 725 Continental Hotel estabeleceu-se como um dos hot\u00e9is mais elegantes de Buenos Aires. Para fazer uma reserva, tirar d\u00favidas gerais ou receber informa\u00e7\u00f5es sobre nossos pacotes de f\u00e9rias, n\u00e3o hesite em nos contatar. Reservar online \u00e9 a maneira mais f\u00e1cil de reservar um quarto no 725 Continental Hotel. O nosso motor de reservas online [&hellip;]","og_url":"http:\/\/www.725continental.com\/pt-br\/contacto\/","og_site_name":"725 Continental Hotel Buenos Aires","article_modified_time":"2022-03-30T07:28:11+00:00","og_image":[{"width":2560,"height":1083,"url":"http:\/\/www.725continental.com\/wp-content\/uploads\/2022\/02\/bg-contacto-scaled-2.jpg","type":"image\/jpeg"}],"twitter_card":"summary_large_image","twitter_misc":{"Est. tempo de leitura":"1 minuto"},"schema":{"@context":"https:\/\/schema.org","@graph":[{"@type":"WebPage","@id":"http:\/\/www.725continental.com\/pt-br\/contacto\/","url":"http:\/\/www.725continental.com\/pt-br\/contacto\/","name":"Contato - 725 Continental Hotel Buenos Aires","isPartOf":{"@id":"https:\/\/www.725continental.com\/#website"},"primaryImageOfPage":{"@id":"http:\/\/www.725continental.com\/pt-br\/contacto\/#primaryimage"},"image":{"@id":"http:\/\/www.725continental.com\/pt-br\/contacto\/#primaryimage"},"thumbnailUrl":"https:\/\/www.725continental.com\/wp-content\/uploads\/2022\/02\/bg-contacto-scaled-2.jpg","datePublished":"2021-11-30T08:27:05+00:00","dateModified":"2022-03-30T07:28:11+00:00","breadcrumb":{"@id":"http:\/\/www.725continental.com\/pt-br\/contacto\/#breadcrumb"},"inLanguage":"pt-BR","potentialAction":[{"@type":"ReadAction","target":["http:\/\/www.725continental.com\/pt-br\/contacto\/"]}]},{"@type":"ImageObject","inLanguage":"pt-BR","@id":"http:\/\/www.725continental.com\/pt-br\/contacto\/#primaryimage","url":"https:\/\/www.725continental.com\/wp-content\/uploads\/2022\/02\/bg-contacto-scaled-2.jpg","contentUrl":"https:\/\/www.725continental.com\/wp-content\/uploads\/2022\/02\/bg-contacto-scaled-2.jpg","width":2560,"height":1083},{"@type":"BreadcrumbList","@id":"http:\/\/www.725continental.com\/pt-br\/contacto\/#breadcrumb","itemListElement":[{"@type":"ListItem","position":1,"name":"Portada","item":"http:\/\/www.725continental.com\/pt-br\/"},{"@type":"ListItem","position":2,"name":"Contato"}]},{"@type":"WebSite","@id":"https:\/\/www.725continental.com\/#website","url":"https:\/\/www.725continental.com\/","name":"725 Continental Hotel Buenos Aires","description":"Hotel 5 estrellas en el centro de Buenos Aires","publisher":{"@id":"https:\/\/www.725continental.com\/#organization"},"potentialAction":[{"@type":"SearchAction","target":{"@type":"EntryPoint","urlTemplate":"https:\/\/www.725continental.com\/?s={search_term_string}"},"query-input":{"@type":"PropertyValueSpecification","valueRequired":true,"valueName":"search_term_string"}}],"inLanguage":"pt-BR"},{"@type":"Organization","@id":"https:\/\/www.725continental.com\/#organization","name":"725 Continental Hotel Buenos Aires","url":"https:\/\/www.725continental.com\/","logo":{"@type":"ImageObject","inLanguage":"pt-BR","@id":"https:\/\/www.725continental.com\/#\/schema\/logo\/image\/","url":"http:\/\/www.725continental.com\/wp-content\/uploads\/2022\/03\/725continental-logo.jpg","contentUrl":"http:\/\/www.725continental.com\/wp-content\/uploads\/2022\/03\/725continental-logo.jpg","width":800,"height":530,"caption":"725 Continental Hotel Buenos Aires"},"image":{"@id":"https:\/\/www.725continental.com\/#\/schema\/logo\/image\/"}}]}},"_links":{"self":[{"href":"https:\/\/www.725continental.com\/pt-br\/wp-json\/wp\/v2\/pages\/489","targetHints":{"allow":["GET"]}}],"collection":[{"href":"https:\/\/www.725continental.com\/pt-br\/wp-json\/wp\/v2\/pages"}],"about":[{"href":"https:\/\/www.725continental.com\/pt-br\/wp-json\/wp\/v2\/types\/page"}],"author":[{"embeddable":true,"href":"https:\/\/www.725continental.com\/pt-br\/wp-json\/wp\/v2\/users\/1"}],"replies":[{"embeddable":true,"href":"https:\/\/www.725continental.com\/pt-br\/wp-json\/wp\/v2\/comments?post=489"}],"version-history":[{"count":7,"href":"https:\/\/www.725continental.com\/pt-br\/wp-json\/wp\/v2\/pages\/489\/revisions"}],"predecessor-version":[{"id":723,"href":"https:\/\/www.725continental.com\/pt-br\/wp-json\/wp\/v2\/pages\/489\/revisions\/723"}],"wp:featuredmedia":[{"embeddable":true,"href":"https:\/\/www.725continental.com\/pt-br\/wp-json\/wp\/v2\/media\/379"}],"wp:attachment":[{"href":"https:\/\/www.725continental.com\/pt-br\/wp-json\/wp\/v2\/media?parent=489"}],"curies":[{"name":"wp","href":"https:\/\/api.w.org\/{rel}","templated":true}]}}