{"id":485,"date":"2021-11-30T09:23:58","date_gmt":"2021-11-30T07:23:58","guid":{"rendered":"https:\/\/www.725continental.com\/eventos\/"},"modified":"2022-03-07T18:12:38","modified_gmt":"2022-03-07T16:12:38","slug":"eventos","status":"publish","type":"page","link":"https:\/\/www.725continental.com\/pt-br\/eventos\/","title":{"rendered":"Eventos"},"content":{"rendered":"\n<p>Se voc\u00ea quer um lugar cheio de estilo no centro da cidade, onde pode realizar uma reuni\u00e3o de neg\u00f3cios ou celebrar um casamento, o 725 Continental Hotel oferece toda a tecnologia e servi\u00e7o que far\u00e3o do seu evento um sucesso.<\/p>\n","protected":false},"excerpt":{"rendered":"<p>Se voc\u00ea quer um lugar cheio de estilo no centro da cidade, onde pode realizar uma reuni\u00e3o de neg\u00f3cios ou celebrar um casamento, o 725 Continental Hotel oferece toda a tecnologia e servi\u00e7o que far\u00e3o do seu evento um sucesso.<\/p>\n","protected":false},"author":1,"featured_media":287,"parent":0,"menu_order":0,"comment_status":"closed","ping_status":"closed","template":"templates\/template-eventos.php","meta":{"footnotes":""},"class_list":["post-485","page","type-page","status-publish","has-post-thumbnail","hentry"],"acf":[],"yoast_head":"<!-- This site is optimized with the Yoast SEO plugin v27.5 - https:\/\/yoast.com\/product\/yoast-seo-wordpress\/ -->\n<title>Eventos - 725 Continental Hotel Buenos Aires<\/title>\n<meta name=\"robots\" content=\"index, follow, max-snippet:-1, max-image-preview:large, max-video-preview:-1\" \/>\n<link rel=\"canonical\" href=\"http:\/\/www.725continental.com\/pt-br\/eventos\/\" \/>\n<meta property=\"og:locale\" content=\"pt_BR\" \/>\n<meta property=\"og:type\" content=\"article\" \/>\n<meta property=\"og:title\" content=\"Eventos - 725 Continental Hotel Buenos Aires\" \/>\n<meta property=\"og:description\" content=\"Se voc\u00ea quer um lugar cheio de estilo no centro da cidade, onde pode realizar uma reuni\u00e3o de neg\u00f3cios ou celebrar um casamento, o 725 Continental Hotel oferece toda a tecnologia e servi\u00e7o que far\u00e3o do seu evento um sucesso.\" \/>\n<meta property=\"og:url\" content=\"http:\/\/www.725continental.com\/pt-br\/eventos\/\" \/>\n<meta property=\"og:site_name\" content=\"725 Continental Hotel Buenos Aires\" \/>\n<meta property=\"article:modified_time\" content=\"2022-03-07T16:12:38+00:00\" \/>\n<meta property=\"og:image\" content=\"http:\/\/www.725continental.com\/wp-content\/uploads\/2021\/11\/bg-eventos.jpg\" \/>\n\t<meta property=\"og:image:width\" content=\"1920\" \/>\n\t<meta property=\"og:image:height\" content=\"836\" \/>\n\t<meta property=\"og:image:type\" content=\"image\/jpeg\" \/>\n<meta name=\"twitter:card\" content=\"summary_large_image\" \/>\n<script type=\"application\/ld+json\" class=\"yoast-schema-graph\">{\"@context\":\"https:\\\/\\\/schema.org\",\"@graph\":[{\"@type\":\"WebPage\",\"@id\":\"http:\\\/\\\/www.725continental.com\\\/pt-br\\\/eventos\\\/\",\"url\":\"http:\\\/\\\/www.725continental.com\\\/pt-br\\\/eventos\\\/\",\"name\":\"Eventos - 725 Continental Hotel Buenos Aires\",\"isPartOf\":{\"@id\":\"https:\\\/\\\/www.725continental.com\\\/#website\"},\"primaryImageOfPage\":{\"@id\":\"http:\\\/\\\/www.725continental.com\\\/pt-br\\\/eventos\\\/#primaryimage\"},\"image\":{\"@id\":\"http:\\\/\\\/www.725continental.com\\\/pt-br\\\/eventos\\\/#primaryimage\"},\"thumbnailUrl\":\"https:\\\/\\\/www.725continental.com\\\/wp-content\\\/uploads\\\/2021\\\/11\\\/bg-eventos.jpg\",\"datePublished\":\"2021-11-30T07:23:58+00:00\",\"dateModified\":\"2022-03-07T16:12:38+00:00\",\"breadcrumb\":{\"@id\":\"http:\\\/\\\/www.725continental.com\\\/pt-br\\\/eventos\\\/#breadcrumb\"},\"inLanguage\":\"pt-BR\",\"potentialAction\":[{\"@type\":\"ReadAction\",\"target\":[\"http:\\\/\\\/www.725continental.com\\\/pt-br\\\/eventos\\\/\"]}]},{\"@type\":\"ImageObject\",\"inLanguage\":\"pt-BR\",\"@id\":\"http:\\\/\\\/www.725continental.com\\\/pt-br\\\/eventos\\\/#primaryimage\",\"url\":\"https:\\\/\\\/www.725continental.com\\\/wp-content\\\/uploads\\\/2021\\\/11\\\/bg-eventos.jpg\",\"contentUrl\":\"https:\\\/\\\/www.725continental.com\\\/wp-content\\\/uploads\\\/2021\\\/11\\\/bg-eventos.jpg\",\"width\":1920,\"height\":836},{\"@type\":\"BreadcrumbList\",\"@id\":\"http:\\\/\\\/www.725continental.com\\\/pt-br\\\/eventos\\\/#breadcrumb\",\"itemListElement\":[{\"@type\":\"ListItem\",\"position\":1,\"name\":\"Portada\",\"item\":\"http:\\\/\\\/www.725continental.com\\\/pt-br\\\/\"},{\"@type\":\"ListItem\",\"position\":2,\"name\":\"Eventos\"}]},{\"@type\":\"WebSite\",\"@id\":\"https:\\\/\\\/www.725continental.com\\\/#website\",\"url\":\"https:\\\/\\\/www.725continental.com\\\/\",\"name\":\"725 Continental Hotel Buenos Aires\",\"description\":\"Hotel 5 estrellas en el centro de Buenos Aires\",\"publisher\":{\"@id\":\"https:\\\/\\\/www.725continental.com\\\/#organization\"},\"potentialAction\":[{\"@type\":\"SearchAction\",\"target\":{\"@type\":\"EntryPoint\",\"urlTemplate\":\"https:\\\/\\\/www.725continental.com\\\/?s={search_term_string}\"},\"query-input\":{\"@type\":\"PropertyValueSpecification\",\"valueRequired\":true,\"valueName\":\"search_term_string\"}}],\"inLanguage\":\"pt-BR\"},{\"@type\":\"Organization\",\"@id\":\"https:\\\/\\\/www.725continental.com\\\/#organization\",\"name\":\"725 Continental Hotel Buenos Aires\",\"url\":\"https:\\\/\\\/www.725continental.com\\\/\",\"logo\":{\"@type\":\"ImageObject\",\"inLanguage\":\"pt-BR\",\"@id\":\"https:\\\/\\\/www.725continental.com\\\/#\\\/schema\\\/logo\\\/image\\\/\",\"url\":\"http:\\\/\\\/www.725continental.com\\\/wp-content\\\/uploads\\\/2022\\\/03\\\/725continental-logo.jpg\",\"contentUrl\":\"http:\\\/\\\/www.725continental.com\\\/wp-content\\\/uploads\\\/2022\\\/03\\\/725continental-logo.jpg\",\"width\":800,\"height\":530,\"caption\":\"725 Continental Hotel Buenos Aires\"},\"image\":{\"@id\":\"https:\\\/\\\/www.725continental.com\\\/#\\\/schema\\\/logo\\\/image\\\/\"}}]}<\/script>\n<!-- \/ Yoast SEO plugin. -->","yoast_head_json":{"title":"Eventos - 725 Continental Hotel Buenos Aires","robots":{"index":"index","follow":"follow","max-snippet":"max-snippet:-1","max-image-preview":"max-image-preview:large","max-video-preview":"max-video-preview:-1"},"canonical":"http:\/\/www.725continental.com\/pt-br\/eventos\/","og_locale":"pt_BR","og_type":"article","og_title":"Eventos - 725 Continental Hotel Buenos Aires","og_description":"Se voc\u00ea quer um lugar cheio de estilo no centro da cidade, onde pode realizar uma reuni\u00e3o de neg\u00f3cios ou celebrar um casamento, o 725 Continental Hotel oferece toda a tecnologia e servi\u00e7o que far\u00e3o do seu evento um sucesso.","og_url":"http:\/\/www.725continental.com\/pt-br\/eventos\/","og_site_name":"725 Continental Hotel Buenos Aires","article_modified_time":"2022-03-07T16:12:38+00:00","og_image":[{"width":1920,"height":836,"url":"http:\/\/www.725continental.com\/wp-content\/uploads\/2021\/11\/bg-eventos.jpg","type":"image\/jpeg"}],"twitter_card":"summary_large_image","schema":{"@context":"https:\/\/schema.org","@graph":[{"@type":"WebPage","@id":"http:\/\/www.725continental.com\/pt-br\/eventos\/","url":"http:\/\/www.725continental.com\/pt-br\/eventos\/","name":"Eventos - 725 Continental Hotel Buenos Aires","isPartOf":{"@id":"https:\/\/www.725continental.com\/#website"},"primaryImageOfPage":{"@id":"http:\/\/www.725continental.com\/pt-br\/eventos\/#primaryimage"},"image":{"@id":"http:\/\/www.725continental.com\/pt-br\/eventos\/#primaryimage"},"thumbnailUrl":"https:\/\/www.725continental.com\/wp-content\/uploads\/2021\/11\/bg-eventos.jpg","datePublished":"2021-11-30T07:23:58+00:00","dateModified":"2022-03-07T16:12:38+00:00","breadcrumb":{"@id":"http:\/\/www.725continental.com\/pt-br\/eventos\/#breadcrumb"},"inLanguage":"pt-BR","potentialAction":[{"@type":"ReadAction","target":["http:\/\/www.725continental.com\/pt-br\/eventos\/"]}]},{"@type":"ImageObject","inLanguage":"pt-BR","@id":"http:\/\/www.725continental.com\/pt-br\/eventos\/#primaryimage","url":"https:\/\/www.725continental.com\/wp-content\/uploads\/2021\/11\/bg-eventos.jpg","contentUrl":"https:\/\/www.725continental.com\/wp-content\/uploads\/2021\/11\/bg-eventos.jpg","width":1920,"height":836},{"@type":"BreadcrumbList","@id":"http:\/\/www.725continental.com\/pt-br\/eventos\/#breadcrumb","itemListElement":[{"@type":"ListItem","position":1,"name":"Portada","item":"http:\/\/www.725continental.com\/pt-br\/"},{"@type":"ListItem","position":2,"name":"Eventos"}]},{"@type":"WebSite","@id":"https:\/\/www.725continental.com\/#website","url":"https:\/\/www.725continental.com\/","name":"725 Continental Hotel Buenos Aires","description":"Hotel 5 estrellas en el centro de Buenos Aires","publisher":{"@id":"https:\/\/www.725continental.com\/#organization"},"potentialAction":[{"@type":"SearchAction","target":{"@type":"EntryPoint","urlTemplate":"https:\/\/www.725continental.com\/?s={search_term_string}"},"query-input":{"@type":"PropertyValueSpecification","valueRequired":true,"valueName":"search_term_string"}}],"inLanguage":"pt-BR"},{"@type":"Organization","@id":"https:\/\/www.725continental.com\/#organization","name":"725 Continental Hotel Buenos Aires","url":"https:\/\/www.725continental.com\/","logo":{"@type":"ImageObject","inLanguage":"pt-BR","@id":"https:\/\/www.725continental.com\/#\/schema\/logo\/image\/","url":"http:\/\/www.725continental.com\/wp-content\/uploads\/2022\/03\/725continental-logo.jpg","contentUrl":"http:\/\/www.725continental.com\/wp-content\/uploads\/2022\/03\/725continental-logo.jpg","width":800,"height":530,"caption":"725 Continental Hotel Buenos Aires"},"image":{"@id":"https:\/\/www.725continental.com\/#\/schema\/logo\/image\/"}}]}},"_links":{"self":[{"href":"https:\/\/www.725continental.com\/pt-br\/wp-json\/wp\/v2\/pages\/485","targetHints":{"allow":["GET"]}}],"collection":[{"href":"https:\/\/www.725continental.com\/pt-br\/wp-json\/wp\/v2\/pages"}],"about":[{"href":"https:\/\/www.725continental.com\/pt-br\/wp-json\/wp\/v2\/types\/page"}],"author":[{"embeddable":true,"href":"https:\/\/www.725continental.com\/pt-br\/wp-json\/wp\/v2\/users\/1"}],"replies":[{"embeddable":true,"href":"https:\/\/www.725continental.com\/pt-br\/wp-json\/wp\/v2\/comments?post=485"}],"version-history":[{"count":3,"href":"https:\/\/www.725continental.com\/pt-br\/wp-json\/wp\/v2\/pages\/485\/revisions"}],"predecessor-version":[{"id":597,"href":"https:\/\/www.725continental.com\/pt-br\/wp-json\/wp\/v2\/pages\/485\/revisions\/597"}],"wp:featuredmedia":[{"embeddable":true,"href":"https:\/\/www.725continental.com\/pt-br\/wp-json\/wp\/v2\/media\/287"}],"wp:attachment":[{"href":"https:\/\/www.725continental.com\/pt-br\/wp-json\/wp\/v2\/media?parent=485"}],"curies":[{"name":"wp","href":"https:\/\/api.w.org\/{rel}","templated":true}]}}