{"id":481,"date":"2021-11-29T18:16:37","date_gmt":"2021-11-29T16:16:37","guid":{"rendered":"https:\/\/www.725continental.com\/servicios\/"},"modified":"2023-06-28T13:28:35","modified_gmt":"2023-06-28T11:28:35","slug":"servicios","status":"publish","type":"page","link":"https:\/\/www.725continental.com\/pt-br\/servicios\/","title":{"rendered":"Servi\u00e7os"},"content":{"rendered":"\n<p>Nossa equipe est\u00e1 pronta para oferecer servi\u00e7os de qualidade para garantir uma estadia memor\u00e1vel.<\/p>\n","protected":false},"excerpt":{"rendered":"<p>Nossa equipe est\u00e1 pronta para oferecer servi\u00e7os de qualidade para garantir uma estadia memor\u00e1vel.<\/p>\n","protected":false},"author":1,"featured_media":473,"parent":0,"menu_order":0,"comment_status":"closed","ping_status":"closed","template":"templates\/template-servicios.php","meta":{"footnotes":""},"class_list":["post-481","page","type-page","status-publish","has-post-thumbnail","hentry"],"acf":[],"yoast_head":"<!-- This site is optimized with the Yoast SEO plugin v27.4 - https:\/\/yoast.com\/product\/yoast-seo-wordpress\/ -->\n<title>Servi\u00e7os - 725 Continental Hotel Buenos Aires<\/title>\n<meta name=\"robots\" content=\"index, follow, max-snippet:-1, max-image-preview:large, max-video-preview:-1\" \/>\n<link rel=\"canonical\" href=\"http:\/\/www.725continental.com\/pt-br\/servicios\/\" \/>\n<meta property=\"og:locale\" content=\"pt_BR\" \/>\n<meta property=\"og:type\" content=\"article\" \/>\n<meta property=\"og:title\" content=\"Servi\u00e7os - 725 Continental Hotel Buenos Aires\" \/>\n<meta property=\"og:description\" content=\"Nossa equipe est\u00e1 pronta para oferecer servi\u00e7os de qualidade para garantir uma estadia memor\u00e1vel.\" \/>\n<meta property=\"og:url\" content=\"http:\/\/www.725continental.com\/pt-br\/servicios\/\" \/>\n<meta property=\"og:site_name\" content=\"725 Continental Hotel Buenos Aires\" \/>\n<meta property=\"article:modified_time\" content=\"2023-06-28T11:28:35+00:00\" \/>\n<meta property=\"og:image\" content=\"http:\/\/www.725continental.com\/wp-content\/uploads\/2022\/02\/bg-servicios.jpg\" \/>\n\t<meta property=\"og:image:width\" content=\"2000\" \/>\n\t<meta property=\"og:image:height\" content=\"781\" \/>\n\t<meta property=\"og:image:type\" content=\"image\/jpeg\" \/>\n<meta name=\"twitter:card\" content=\"summary_large_image\" \/>\n<meta name=\"twitter:label1\" content=\"Est. tempo de leitura\" \/>\n\t<meta name=\"twitter:data1\" content=\"1 minuto\" \/>\n<script type=\"application\/ld+json\" class=\"yoast-schema-graph\">{\"@context\":\"https:\\\/\\\/schema.org\",\"@graph\":[{\"@type\":\"WebPage\",\"@id\":\"http:\\\/\\\/www.725continental.com\\\/pt-br\\\/servicios\\\/\",\"url\":\"http:\\\/\\\/www.725continental.com\\\/pt-br\\\/servicios\\\/\",\"name\":\"Servi\u00e7os - 725 Continental Hotel Buenos Aires\",\"isPartOf\":{\"@id\":\"https:\\\/\\\/www.725continental.com\\\/#website\"},\"primaryImageOfPage\":{\"@id\":\"http:\\\/\\\/www.725continental.com\\\/pt-br\\\/servicios\\\/#primaryimage\"},\"image\":{\"@id\":\"http:\\\/\\\/www.725continental.com\\\/pt-br\\\/servicios\\\/#primaryimage\"},\"thumbnailUrl\":\"https:\\\/\\\/www.725continental.com\\\/wp-content\\\/uploads\\\/2022\\\/02\\\/bg-servicios.jpg\",\"datePublished\":\"2021-11-29T16:16:37+00:00\",\"dateModified\":\"2023-06-28T11:28:35+00:00\",\"breadcrumb\":{\"@id\":\"http:\\\/\\\/www.725continental.com\\\/pt-br\\\/servicios\\\/#breadcrumb\"},\"inLanguage\":\"pt-BR\",\"potentialAction\":[{\"@type\":\"ReadAction\",\"target\":[\"http:\\\/\\\/www.725continental.com\\\/pt-br\\\/servicios\\\/\"]}]},{\"@type\":\"ImageObject\",\"inLanguage\":\"pt-BR\",\"@id\":\"http:\\\/\\\/www.725continental.com\\\/pt-br\\\/servicios\\\/#primaryimage\",\"url\":\"https:\\\/\\\/www.725continental.com\\\/wp-content\\\/uploads\\\/2022\\\/02\\\/bg-servicios.jpg\",\"contentUrl\":\"https:\\\/\\\/www.725continental.com\\\/wp-content\\\/uploads\\\/2022\\\/02\\\/bg-servicios.jpg\",\"width\":2000,\"height\":781},{\"@type\":\"BreadcrumbList\",\"@id\":\"http:\\\/\\\/www.725continental.com\\\/pt-br\\\/servicios\\\/#breadcrumb\",\"itemListElement\":[{\"@type\":\"ListItem\",\"position\":1,\"name\":\"Portada\",\"item\":\"http:\\\/\\\/www.725continental.com\\\/pt-br\\\/\"},{\"@type\":\"ListItem\",\"position\":2,\"name\":\"Servi\u00e7os\"}]},{\"@type\":\"WebSite\",\"@id\":\"https:\\\/\\\/www.725continental.com\\\/#website\",\"url\":\"https:\\\/\\\/www.725continental.com\\\/\",\"name\":\"725 Continental Hotel Buenos Aires\",\"description\":\"Hotel 5 estrellas en el centro de Buenos Aires\",\"publisher\":{\"@id\":\"https:\\\/\\\/www.725continental.com\\\/#organization\"},\"potentialAction\":[{\"@type\":\"SearchAction\",\"target\":{\"@type\":\"EntryPoint\",\"urlTemplate\":\"https:\\\/\\\/www.725continental.com\\\/?s={search_term_string}\"},\"query-input\":{\"@type\":\"PropertyValueSpecification\",\"valueRequired\":true,\"valueName\":\"search_term_string\"}}],\"inLanguage\":\"pt-BR\"},{\"@type\":\"Organization\",\"@id\":\"https:\\\/\\\/www.725continental.com\\\/#organization\",\"name\":\"725 Continental Hotel Buenos Aires\",\"url\":\"https:\\\/\\\/www.725continental.com\\\/\",\"logo\":{\"@type\":\"ImageObject\",\"inLanguage\":\"pt-BR\",\"@id\":\"https:\\\/\\\/www.725continental.com\\\/#\\\/schema\\\/logo\\\/image\\\/\",\"url\":\"http:\\\/\\\/www.725continental.com\\\/wp-content\\\/uploads\\\/2022\\\/03\\\/725continental-logo.jpg\",\"contentUrl\":\"http:\\\/\\\/www.725continental.com\\\/wp-content\\\/uploads\\\/2022\\\/03\\\/725continental-logo.jpg\",\"width\":800,\"height\":530,\"caption\":\"725 Continental Hotel Buenos Aires\"},\"image\":{\"@id\":\"https:\\\/\\\/www.725continental.com\\\/#\\\/schema\\\/logo\\\/image\\\/\"}}]}<\/script>\n<!-- \/ Yoast SEO plugin. -->","yoast_head_json":{"title":"Servi\u00e7os - 725 Continental Hotel Buenos Aires","robots":{"index":"index","follow":"follow","max-snippet":"max-snippet:-1","max-image-preview":"max-image-preview:large","max-video-preview":"max-video-preview:-1"},"canonical":"http:\/\/www.725continental.com\/pt-br\/servicios\/","og_locale":"pt_BR","og_type":"article","og_title":"Servi\u00e7os - 725 Continental Hotel Buenos Aires","og_description":"Nossa equipe est\u00e1 pronta para oferecer servi\u00e7os de qualidade para garantir uma estadia memor\u00e1vel.","og_url":"http:\/\/www.725continental.com\/pt-br\/servicios\/","og_site_name":"725 Continental Hotel Buenos Aires","article_modified_time":"2023-06-28T11:28:35+00:00","og_image":[{"width":2000,"height":781,"url":"http:\/\/www.725continental.com\/wp-content\/uploads\/2022\/02\/bg-servicios.jpg","type":"image\/jpeg"}],"twitter_card":"summary_large_image","twitter_misc":{"Est. tempo de leitura":"1 minuto"},"schema":{"@context":"https:\/\/schema.org","@graph":[{"@type":"WebPage","@id":"http:\/\/www.725continental.com\/pt-br\/servicios\/","url":"http:\/\/www.725continental.com\/pt-br\/servicios\/","name":"Servi\u00e7os - 725 Continental Hotel Buenos Aires","isPartOf":{"@id":"https:\/\/www.725continental.com\/#website"},"primaryImageOfPage":{"@id":"http:\/\/www.725continental.com\/pt-br\/servicios\/#primaryimage"},"image":{"@id":"http:\/\/www.725continental.com\/pt-br\/servicios\/#primaryimage"},"thumbnailUrl":"https:\/\/www.725continental.com\/wp-content\/uploads\/2022\/02\/bg-servicios.jpg","datePublished":"2021-11-29T16:16:37+00:00","dateModified":"2023-06-28T11:28:35+00:00","breadcrumb":{"@id":"http:\/\/www.725continental.com\/pt-br\/servicios\/#breadcrumb"},"inLanguage":"pt-BR","potentialAction":[{"@type":"ReadAction","target":["http:\/\/www.725continental.com\/pt-br\/servicios\/"]}]},{"@type":"ImageObject","inLanguage":"pt-BR","@id":"http:\/\/www.725continental.com\/pt-br\/servicios\/#primaryimage","url":"https:\/\/www.725continental.com\/wp-content\/uploads\/2022\/02\/bg-servicios.jpg","contentUrl":"https:\/\/www.725continental.com\/wp-content\/uploads\/2022\/02\/bg-servicios.jpg","width":2000,"height":781},{"@type":"BreadcrumbList","@id":"http:\/\/www.725continental.com\/pt-br\/servicios\/#breadcrumb","itemListElement":[{"@type":"ListItem","position":1,"name":"Portada","item":"http:\/\/www.725continental.com\/pt-br\/"},{"@type":"ListItem","position":2,"name":"Servi\u00e7os"}]},{"@type":"WebSite","@id":"https:\/\/www.725continental.com\/#website","url":"https:\/\/www.725continental.com\/","name":"725 Continental Hotel Buenos Aires","description":"Hotel 5 estrellas en el centro de Buenos Aires","publisher":{"@id":"https:\/\/www.725continental.com\/#organization"},"potentialAction":[{"@type":"SearchAction","target":{"@type":"EntryPoint","urlTemplate":"https:\/\/www.725continental.com\/?s={search_term_string}"},"query-input":{"@type":"PropertyValueSpecification","valueRequired":true,"valueName":"search_term_string"}}],"inLanguage":"pt-BR"},{"@type":"Organization","@id":"https:\/\/www.725continental.com\/#organization","name":"725 Continental Hotel Buenos Aires","url":"https:\/\/www.725continental.com\/","logo":{"@type":"ImageObject","inLanguage":"pt-BR","@id":"https:\/\/www.725continental.com\/#\/schema\/logo\/image\/","url":"http:\/\/www.725continental.com\/wp-content\/uploads\/2022\/03\/725continental-logo.jpg","contentUrl":"http:\/\/www.725continental.com\/wp-content\/uploads\/2022\/03\/725continental-logo.jpg","width":800,"height":530,"caption":"725 Continental Hotel Buenos Aires"},"image":{"@id":"https:\/\/www.725continental.com\/#\/schema\/logo\/image\/"}}]}},"_links":{"self":[{"href":"https:\/\/www.725continental.com\/pt-br\/wp-json\/wp\/v2\/pages\/481","targetHints":{"allow":["GET"]}}],"collection":[{"href":"https:\/\/www.725continental.com\/pt-br\/wp-json\/wp\/v2\/pages"}],"about":[{"href":"https:\/\/www.725continental.com\/pt-br\/wp-json\/wp\/v2\/types\/page"}],"author":[{"embeddable":true,"href":"https:\/\/www.725continental.com\/pt-br\/wp-json\/wp\/v2\/users\/1"}],"replies":[{"embeddable":true,"href":"https:\/\/www.725continental.com\/pt-br\/wp-json\/wp\/v2\/comments?post=481"}],"version-history":[{"count":4,"href":"https:\/\/www.725continental.com\/pt-br\/wp-json\/wp\/v2\/pages\/481\/revisions"}],"predecessor-version":[{"id":1236,"href":"https:\/\/www.725continental.com\/pt-br\/wp-json\/wp\/v2\/pages\/481\/revisions\/1236"}],"wp:featuredmedia":[{"embeddable":true,"href":"https:\/\/www.725continental.com\/pt-br\/wp-json\/wp\/v2\/media\/473"}],"wp:attachment":[{"href":"https:\/\/www.725continental.com\/pt-br\/wp-json\/wp\/v2\/media?parent=481"}],"curies":[{"name":"wp","href":"https:\/\/api.w.org\/{rel}","templated":true}]}}